


{"id":5742,"date":"2023-08-16T11:11:04","date_gmt":"2023-08-16T04:11:04","guid":{"rendered":"https:\/\/www.vietcorp.com\/store\/?page_id=5742"},"modified":"2023-08-16T11:25:04","modified_gmt":"2023-08-16T04:25:04","slug":"chuc-nang-mo-dun-synology-router-manager","status":"publish","type":"page","link":"https:\/\/vietcorp.com\/store\/chuc-nang-mo-dun-synology-router-manager\/","title":{"rendered":"Ch\u1ee9c n\u0103ng m\u00f4 \u0111un Synology Router Manager"},"content":{"rendered":"<section class=\"wpb-content-wrapper\"><p>[vc_row][vc_column][vc_column_text]<\/p>\n<h3 style=\"text-align: center;\"><strong>Ch\u1ee9c n\u0103ng m\u00f4 \u0111un Synology Router Manager<\/strong><\/h3>\n<p style=\"text-align: center;\"><a href=\"https:\/\/www.vietcorp.com\/store\/synology-router-manager\/\">Synology Router Manager<\/a> (SRM) c\u00f3 th\u1ec3 d\u1ec5 d\u00e0ng m\u1edf r\u1ed9ng v\u1edbi ph\u1ea7n m\u1ec1m b\u1ed5 sung th\u00f4ng qua Package Center. C\u00e1c ch\u1ee9c n\u0103ng m\u1edbi s\u1ebd \u0111\u01b0\u1ee3c ra m\u1eaft th\u01b0\u1eddng xuy\u00ean \u0111\u1ec3 t\u0103ng c\u01b0\u1eddng n\u0103ng l\u1ef1c cho c\u00e1c s\u1ea3n ph\u1ea9m network m\u1edbi c\u0169ng nh\u01b0 hi\u1ec7n h\u00e0nh c\u1ee7a Synology.<\/p>\n<p>[\/vc_column_text][\/vc_column][\/vc_row][vc_row][vc_column][vc_column_text]<\/p>\n<h3><strong>G\u00f3i s\u1ea3n ph\u1ea9m n\u1ed5i b\u1eadt<\/strong><\/h3>\n<p>[\/vc_column_text][\/vc_column][\/vc_row][vc_row][vc_column width=&#8221;1\/3&#8243;][vc_column_text]<img decoding=\"async\" class=\"aligncenter size-full wp-image-5750\" src=\"https:\/\/www.vietcorp.com\/store\/wp-content\/uploads\/2023\/08\/chuc-nang-modun-synology-router-manager-7.png\" alt=\"Ch\u1ee9c n\u0103ng m\u00f4 \u0111un Synology Router Manager 1\" width=\"72\" height=\"72\" \/><\/p>\n<h3 style=\"text-align: center;\"><strong>VPN Plus Server<\/strong><\/h3>\n<p style=\"text-align: center;\">Chuy\u1ec3n \u0111\u1ed5i Synology Router c\u1ee7a b\u1ea1n th\u00e0nh m\u00e1y ch\u1ee7 VPN m\u1ea1nh m\u1ebd, s\u1edf h\u1eefu WebVPN kh\u00f4ng c\u1ea7n \u1ee9ng d\u1ee5ng kh\u00e1ch, VPN SSL t\u1ed1c \u0111\u1ed9 cao c\u1ee7a Synology, c\u0169ng nh\u01b0 SSTP, OpenVPN, L2TP\/IPSec v\u00e0 PPTP. <a href=\"https:\/\/www.vietcorp.com\/store\/lam-viec-tu-xa-de-dang-voi-vpn-plus\/\">T\u00ecm hi\u1ec3u th\u00eam<\/a><\/p>\n<p>[\/vc_column_text][\/vc_column][vc_column width=&#8221;1\/3&#8243;][vc_column_text]<img decoding=\"async\" class=\"aligncenter size-full wp-image-5746\" src=\"https:\/\/www.vietcorp.com\/store\/wp-content\/uploads\/2023\/08\/chuc-nang-modun-synology-router-manager-3.png\" alt=\"Ch\u1ee9c n\u0103ng m\u00f4 \u0111un Synology Router Manager 2\" width=\"72\" height=\"72\" \/><\/p>\n<h3 style=\"text-align: center;\"><strong>Download Station<\/strong><\/h3>\n<p style=\"text-align: center;\">\u1ee8ng d\u1ee5ng t\u1ea3i xu\u1ed1ng tr\u00ean n\u1ec1n t\u1ea3ng web cho ph\u00e9p b\u1ea1n t\u1ea3i xu\u1ed1ng t\u1eadp tin t\u1eeb internet th\u00f4ng qua BitTorrent, FTP, HTTP, NZB, Thunder, FlashGet, QQDL v\u00e0 eMule, \u0111\u1ed3ng th\u1eddi \u0111\u0103ng k\u00fd RSS feed \u0111\u1ec3 c\u1eadp nh\u1eadt.<\/p>\n<p>[\/vc_column_text][\/vc_column][vc_column width=&#8221;1\/3&#8243;][vc_column_text]<img decoding=\"async\" class=\"aligncenter size-full wp-image-5748\" src=\"https:\/\/www.vietcorp.com\/store\/wp-content\/uploads\/2023\/08\/chuc-nang-modun-synology-router-manager-5.png\" alt=\"Ch\u1ee9c n\u0103ng m\u00f4 \u0111un Synology Router Manager 3\" width=\"72\" height=\"72\" \/><\/p>\n<h3 style=\"text-align: center;\"><strong>Media Server<\/strong><\/h3>\n<p style=\"text-align: center;\">Cho ph\u00e9p b\u1ea1n duy\u1ec7t v\u00e0 ph\u00e1t n\u1ed9i dung \u0111a ph\u01b0\u01a1ng ti\u1ec7n tr\u00ean <a href=\"https:\/\/www.vietcorp.com\/store\/product-tag\/synology-network\/\">Synology Router<\/a> c\u1ee7a b\u1ea1n th\u00f4ng qua c\u00e1c thi\u1ebft b\u1ecb gia \u0111\u00ecnh DLNA. D\u1ec5 d\u00e0ng truy\u1ec1n t\u1eadp tin t\u1eeb th\u1ebb SD ho\u1eb7c \u1ed5 USB sang TV th\u00f4ng minh v\u00e0 d\u00e0n \u00e2m thanh. T\u00ecm hi\u1ec3u th\u00eam<\/p>\n<p>[\/vc_column_text][\/vc_column][\/vc_row][vc_row][vc_column][vc_column_text]<\/p>\n<h3><strong>G\u00f3i s\u1ea3n ph\u1ea9m b\u1ed5 sung<\/strong><\/h3>\n<p>[\/vc_column_text][\/vc_column][\/vc_row][vc_row][vc_column width=&#8221;1\/3&#8243;][vc_column_text]<img decoding=\"async\" class=\"aligncenter size-full wp-image-5745\" src=\"https:\/\/www.vietcorp.com\/store\/wp-content\/uploads\/2023\/08\/chuc-nang-modun-synology-router-manager-2.png\" alt=\"Ch\u1ee9c n\u0103ng m\u00f4 \u0111un Synology Router Manager 4\" width=\"72\" height=\"72\" \/><\/p>\n<h3 style=\"text-align: center;\"><strong>DNS Server<\/strong><\/h3>\n<p style=\"text-align: center;\">M\u1ed9t server H\u1ec7 th\u1ed1ng t\u00ean mi\u1ec1n (DNS) s\u1ebd gi\u00fap ng\u01b0\u1eddi d\u00f9ng t\u00ecm c\u00e1c \u1ee9ng d\u1ee5ng internet, m\u00e1y t\u00ednh ho\u1eb7c c\u00e1c thi\u1ebft b\u1ecb m\u1ea1ng kh\u00e1c b\u1eb1ng c\u00e1ch d\u1ecbch t\u00ean mi\u1ec1n th\u00e0nh \u0111\u1ecba ch\u1ec9 IP. G\u00f3i ti\u1ec7n \u00edch b\u1ed5 sung DNS Server t\u1ea1o \u0111i\u1ec1u ki\u1ec7n \u0111\u1ec3 Synology Router ch\u1ea1y nhi\u1ec1u v\u00f9ng, \u0111\u1ed3ng th\u1eddi cung c\u1ea5p c\u00e1c d\u1ecbch v\u1ee5 ph\u00e2n gi\u1ea3i t\u00ean v\u00e0 \u0111\u1ecba ch\u1ec9 IP.<\/p>\n<p>[\/vc_column_text][\/vc_column][vc_column width=&#8221;1\/3&#8243;][vc_column_text]<img decoding=\"async\" class=\"aligncenter size-full wp-image-5749\" src=\"https:\/\/www.vietcorp.com\/store\/wp-content\/uploads\/2023\/08\/chuc-nang-modun-synology-router-manager-6.png\" alt=\"Ch\u1ee9c n\u0103ng m\u00f4 \u0111un Synology Router Manager 5\" width=\"72\" height=\"72\" \/><\/p>\n<h3 style=\"text-align: center;\"><strong>RADIUS Server<\/strong><\/h3>\n<p style=\"text-align: center;\">Remote Authentication Dial-In User Service (RADIUS) l\u00e0 m\u1ed9t giao th\u1ee9c m\u1ea1ng mang \u0111\u1ebfn t\u00ednh n\u0103ng x\u00e1c th\u1ef1c t\u1eadp trung, \u1ee7y quy\u1ec1n v\u00e0 qu\u1ea3n l\u00fd t\u00e0i kho\u1ea3n \u0111\u1ec3 truy c\u1eadp m\u1ea1ng kh\u00f4ng d\u00e2y.<\/p>\n<p>[\/vc_column_text][\/vc_column][vc_column width=&#8221;1\/3&#8243;][vc_column_text]<img decoding=\"async\" class=\"aligncenter size-full wp-image-5747\" src=\"https:\/\/www.vietcorp.com\/store\/wp-content\/uploads\/2023\/08\/chuc-nang-modun-synology-router-manager-4.png\" alt=\"Ch\u1ee9c n\u0103ng m\u00f4 \u0111un Synology Router Manager 6\" width=\"72\" height=\"72\" \/><\/p>\n<h3 style=\"text-align: center;\"><strong>Threat Prevention<\/strong><\/h3>\n<p style=\"text-align: center;\">B\u1ea3o v\u1ec7 m\u1ea1ng c\u1ee7a b\u1ea1n tr\u01b0\u1edbc c\u00e1c m\u1ed1i \u0111e d\u1ecda m\u1ea1ng v\u00e0 x\u00e1c \u0111\u1ecbnh c\u00e1c ho\u1ea1t \u0111\u1ed9ng \u0111\u1ed9c h\u1ea1i \u0111\u1ec3 tinh ch\u1ec9nh c\u00e1c quy t\u1eafc t\u01b0\u1eddng l\u1eeda. <a href=\"https:\/\/www.vietcorp.com\/store\/bao-mat-trong-ky-nguyen-iot-voi-srm\/\">T\u00ecm hi\u1ec3u th\u00eam<\/a><\/p>\n<p>[\/vc_column_text][\/vc_column][\/vc_row][vc_row][vc_column][vc_column_text]<\/p>\n<h3 style=\"text-align: center;\"><strong>G\u1ee3i \u00fd thi\u1ebft b\u1ecb Router Synology<\/strong><\/h3>\n<p>[\/vc_column_text][\/vc_column][\/vc_row][vc_row][vc_column]<div id=\"porto-products-9e0c4dee1f2f2fd12506a77038e0d92c\" class=\"porto-products wpb_content_element theme_option wpb_custom_c9b29ede315f81ce7e062dc664e7ed90\"><div class=\"woocommerce columns-4 \">\r\n<ul class=\"products products-container grid show-nav-middle pcols-lg-4 pcols-md-3 pcols-xs-2 pcols-ls-1 pwidth-lg-4 pwidth-md-3 pwidth-xs-2 pwidth-ls-1 is-shortcode\"\r\r\n\t data-product_layout=\"product-default\">\r\r\n\r\n\r\r\n<li class=\"product-col product-default product type-product post-124 status-publish first instock product_cat-thiet-bi-mang product_tag-synology product_tag-synology-network product_tag-thiet-bi-luu-tru product_tag-thiet-bi-luu-tru-du-lieu product_tag-thiet-bi-luu-tru-synology has-post-thumbnail taxable shipping-taxable purchasable product-type-simple\">\r\r\n<div class=\"product-inner\">\r\r\n\t\r\n\r\r\n\t<div class=\"product-image\">\r\r\n\r\r\n\t\t<a  href=\"https:\/\/vietcorp.com\/store\/124\/synology-mr2200ac\/\" aria-label=\"product\">\r\r\n\t\t\t<div class=\"inner img-effect\"><img decoding=\"async\" width=\"600\" height=\"600\" src=\"https:\/\/vietcorp.com\/store\/wp-content\/uploads\/2020\/11\/router-synology-mr2200ac-1.png\" class=\"attachment-woocommerce_thumbnail size-woocommerce_thumbnail\" alt=\"Synology MR2200ac\" srcset=\"https:\/\/vietcorp.com\/store\/wp-content\/uploads\/2020\/11\/router-synology-mr2200ac-1.png 600w, https:\/\/vietcorp.com\/store\/wp-content\/uploads\/2020\/11\/router-synology-mr2200ac-1-400x400.png 400w, https:\/\/vietcorp.com\/store\/wp-content\/uploads\/2020\/11\/router-synology-mr2200ac-1-560x560.png 560w, https:\/\/vietcorp.com\/store\/wp-content\/uploads\/2020\/11\/router-synology-mr2200ac-1-367x367.png 367w\" sizes=\"(max-width: 600px) 100vw, 600px\" \/><img decoding=\"async\" width=\"600\" height=\"600\" src=\"https:\/\/vietcorp.com\/store\/wp-content\/uploads\/2020\/11\/router-synology-mr2200ac-2.png\" class=\"hover-image\" alt=\"\" srcset=\"https:\/\/vietcorp.com\/store\/wp-content\/uploads\/2020\/11\/router-synology-mr2200ac-2.png 600w, https:\/\/vietcorp.com\/store\/wp-content\/uploads\/2020\/11\/router-synology-mr2200ac-2-400x400.png 400w, https:\/\/vietcorp.com\/store\/wp-content\/uploads\/2020\/11\/router-synology-mr2200ac-2-560x560.png 560w, https:\/\/vietcorp.com\/store\/wp-content\/uploads\/2020\/11\/router-synology-mr2200ac-2-367x367.png 367w\" sizes=\"(max-width: 600px) 100vw, 600px\" \/><\/div>\r\n\t\t<\/a>\r\r\n\t\r\n\t\r\n\t<\/div>\r\r\n\r\r\n\t<div class=\"product-content\">\r\r\n\t\t<span class=\"category-list\"><a href=\"https:\/\/vietcorp.com\/store\/product-category\/thiet-bi-mang\/\" rel=\"tag\">Thi\u1ebft b\u1ecb m\u1ea1ng<\/a><\/span>\r\n\r\r\n\t\t\r\n\t<a class=\"product-loop-title\"  href=\"https:\/\/vietcorp.com\/store\/124\/synology-mr2200ac\/\">\r\r\n\t<h3 class=\"woocommerce-loop-product__title\">Synology MR2200ac<\/h3>\r\n\t<\/a>\r\r\n\t\r\n\r\r\n\t\t\r\n\t<div class=\"description\">\r\r\n\t\t\r\n\t\t<p class=\"post-excerpt\">Quad core 717 MHz<br \/>\n2&#215;2 MIMO high-performance internal antenna (2.4 GHz \/ 5 GHz)<br \/>\nIEEE 802.11a\/b\/g\/n\/ac<br \/>\nSimultaneous tri-band Wi-Fi<br \/>\n5GHz-1: 867Mbps<br \/>\n5GHz-2: 867Mbps<br \/>\n2.4GHz: 400Mbps<\/p>\n\r\n\t<\/div>\r\r\n\t\n\t<span class=\"price\"><span class=\"woocommerce-Price-amount amount\"><bdi>3,490,000<span class=\"woocommerce-Price-currencySymbol\">&#8363;<\/span><\/bdi><\/span><\/span>\n\r\n\r\r\n\t\t\r\n<div class=\"add-links-wrap\">\r\r\n\t<div class=\"add-links clearfix\">\r\r\n\t\t<a href=\"?add-to-cart=124\" aria-describedby=\"woocommerce_loop_add_to_cart_link_describedby_124\" data-quantity=\"1\" class=\"viewcart-style-2 button product_type_simple add_to_cart_button ajax_add_to_cart\" data-product_id=\"124\" data-product_sku=\"SYNOLOGY-MR2200AC\" aria-label=\"Th\u00eam v\u00e0o gi\u1ecf h\u00e0ng: &ldquo;Synology MR2200ac&rdquo;\" rel=\"nofollow\" data-success_message=\"&ldquo;Synology MR2200ac&rdquo; \u0111\u00e3 \u0111\u01b0\u1ee3c th\u00eam v\u00e0o gi\u1ecf h\u00e0ng c\u1ee7a b\u1ea1n\">Th\u00eam v\u00e0o gi\u1ecf h\u00e0ng<\/a>\r\n\t\r\n\t<span id=\"woocommerce_loop_add_to_cart_link_describedby_124\" class=\"screen-reader-text\">\r\r\n\t\t\r\n\t<\/span>\r\r\n\t\r\n\t<div class=\"quickview\" data-id=\"124\" title=\"Xem nhanh\">Xem nhanh<\/div>\r\n\t<\/div>\r\r\n\t\r\n<\/div>\r\r\n<span class=\"gtm4wp_productdata\" style=\"display:none; visibility:hidden;\" data-gtm4wp_product_data=\"{&quot;internal_id&quot;:124,&quot;item_id&quot;:124,&quot;item_name&quot;:&quot;Synology MR2200ac&quot;,&quot;sku&quot;:&quot;SYNOLOGY-MR2200AC&quot;,&quot;price&quot;:3490000,&quot;stocklevel&quot;:2,&quot;stockstatus&quot;:&quot;instock&quot;,&quot;google_business_vertical&quot;:&quot;retail&quot;,&quot;item_category&quot;:&quot;Thi\\u1ebft b\\u1ecb m\\u1ea1ng&quot;,&quot;id&quot;:124,&quot;productlink&quot;:&quot;https:\\\/\\\/vietcorp.com\\\/store\\\/124\\\/synology-mr2200ac\\\/&quot;,&quot;item_list_name&quot;:&quot;General Product List&quot;,&quot;index&quot;:1,&quot;product_type&quot;:&quot;simple&quot;,&quot;item_brand&quot;:&quot;&quot;}\"><\/span>\r\n\t<\/div>\r\r\n<\/div>\r\r\n\r\r\n<\/li>\r\r\n\r\n\r\r\n<li class=\"product-col product-default product type-product post-128 status-publish instock product_cat-thiet-bi-mang product_tag-synology product_tag-synology-network has-post-thumbnail taxable shipping-taxable product-type-simple\">\r\r\n<div class=\"product-inner\">\r\r\n\t\r\n\r\r\n\t<div class=\"product-image\">\r\r\n\r\r\n\t\t<a  href=\"https:\/\/vietcorp.com\/store\/128\/synology-rt2600ac\/\" aria-label=\"product\">\r\r\n\t\t\t<div class=\"inner img-effect\"><img decoding=\"async\" width=\"600\" height=\"600\" src=\"https:\/\/vietcorp.com\/store\/wp-content\/uploads\/2020\/11\/router-synology-rt2600ac-1.png\" class=\"attachment-woocommerce_thumbnail size-woocommerce_thumbnail\" alt=\"Synology RT2600ac\" srcset=\"https:\/\/vietcorp.com\/store\/wp-content\/uploads\/2020\/11\/router-synology-rt2600ac-1.png 600w, https:\/\/vietcorp.com\/store\/wp-content\/uploads\/2020\/11\/router-synology-rt2600ac-1-400x400.png 400w, https:\/\/vietcorp.com\/store\/wp-content\/uploads\/2020\/11\/router-synology-rt2600ac-1-560x560.png 560w, https:\/\/vietcorp.com\/store\/wp-content\/uploads\/2020\/11\/router-synology-rt2600ac-1-367x367.png 367w\" sizes=\"(max-width: 600px) 100vw, 600px\" \/><img decoding=\"async\" width=\"600\" height=\"600\" src=\"https:\/\/vietcorp.com\/store\/wp-content\/uploads\/2020\/11\/router-synology-rt2600ac-2.png\" class=\"hover-image\" alt=\"\" srcset=\"https:\/\/vietcorp.com\/store\/wp-content\/uploads\/2020\/11\/router-synology-rt2600ac-2.png 600w, https:\/\/vietcorp.com\/store\/wp-content\/uploads\/2020\/11\/router-synology-rt2600ac-2-400x400.png 400w, https:\/\/vietcorp.com\/store\/wp-content\/uploads\/2020\/11\/router-synology-rt2600ac-2-560x560.png 560w, https:\/\/vietcorp.com\/store\/wp-content\/uploads\/2020\/11\/router-synology-rt2600ac-2-367x367.png 367w\" sizes=\"(max-width: 600px) 100vw, 600px\" \/><\/div>\r\n\t\t<\/a>\r\r\n\t\r\n\t\r\n\t<\/div>\r\r\n\r\r\n\t<div class=\"product-content\">\r\r\n\t\t<span class=\"category-list\"><a href=\"https:\/\/vietcorp.com\/store\/product-category\/thiet-bi-mang\/\" rel=\"tag\">Thi\u1ebft b\u1ecb m\u1ea1ng<\/a><\/span>\r\n\r\r\n\t\t\r\n\t<a class=\"product-loop-title\"  href=\"https:\/\/vietcorp.com\/store\/128\/synology-rt2600ac\/\">\r\r\n\t<h3 class=\"woocommerce-loop-product__title\">Synology RT2600ac<\/h3>\r\n\t<\/a>\r\r\n\t\r\n\r\r\n\t\t\r\n\t<div class=\"description\">\r\r\n\t\t\r\n\t\t<p class=\"post-excerpt\">1.7GHz Dual Core<br \/>\n4&#215;4 MIMO Omni-directional high-gain dipole (2.4GHz \/ 5GHz)<br \/>\nQuad Stream, Dual Band<br \/>\nWith MU-MIMO &amp; Beamforming<br \/>\nHardware Acceleration Engine<\/p>\n\r\n\t<\/div>\r\r\n\t\n\r\n\r\r\n\t\t\r\n<div class=\"add-links-wrap\">\r\r\n\t<div class=\"add-links clearfix\">\r\r\n\t\t<a href=\"https:\/\/vietcorp.com\/store\/128\/synology-rt2600ac\/\" aria-describedby=\"woocommerce_loop_add_to_cart_link_describedby_128\" data-quantity=\"1\" class=\"viewcart-style-2 button product_type_simple add_to_cart_read_more\" data-product_id=\"128\" data-product_sku=\"SYNOLOGY-RT2600AC\" aria-label=\"\u0110\u1ecdc th\u00eam v\u1ec1 &ldquo;Synology RT2600ac&rdquo;\" rel=\"nofollow\" data-success_message=\"\">\u0110\u1ecdc ti\u1ebfp<\/a>\r\n\t\r\n\t<span id=\"woocommerce_loop_add_to_cart_link_describedby_128\" class=\"screen-reader-text\">\r\r\n\t\t\r\n\t<\/span>\r\r\n\t\r\n\t<div class=\"quickview\" data-id=\"128\" title=\"Xem nhanh\">Xem nhanh<\/div>\r\n\t<\/div>\r\r\n\t\r\n<\/div>\r\r\n<span class=\"gtm4wp_productdata\" style=\"display:none; visibility:hidden;\" data-gtm4wp_product_data=\"{&quot;internal_id&quot;:128,&quot;item_id&quot;:128,&quot;item_name&quot;:&quot;Synology RT2600ac&quot;,&quot;sku&quot;:&quot;SYNOLOGY-RT2600AC&quot;,&quot;price&quot;:0,&quot;stocklevel&quot;:1,&quot;stockstatus&quot;:&quot;instock&quot;,&quot;google_business_vertical&quot;:&quot;retail&quot;,&quot;item_category&quot;:&quot;Thi\\u1ebft b\\u1ecb m\\u1ea1ng&quot;,&quot;id&quot;:128,&quot;productlink&quot;:&quot;https:\\\/\\\/vietcorp.com\\\/store\\\/128\\\/synology-rt2600ac\\\/&quot;,&quot;item_list_name&quot;:&quot;General Product List&quot;,&quot;index&quot;:2,&quot;product_type&quot;:&quot;simple&quot;,&quot;item_brand&quot;:&quot;&quot;}\"><\/span>\r\n\t<\/div>\r\r\n<\/div>\r\r\n\r\r\n<\/li>\r\r\n\r\n\r\r\n<li class=\"product-col product-default product type-product post-2799 status-publish outofstock product_cat-thiet-bi-mang product_tag-synology product_tag-synology-network has-post-thumbnail taxable shipping-taxable product-type-simple\">\r\r\n<div class=\"product-inner\">\r\r\n\t\r\n\r\r\n\t<div class=\"product-image\">\r\r\n\r\r\n\t\t<a  href=\"https:\/\/vietcorp.com\/store\/2799\/synology-rt6600ax\/\" aria-label=\"product\">\r\r\n\t\t\t<div class=\"stock out-of-stock\">H\u1ebft h\u00e0ng<\/div><div class=\"inner img-effect\"><img decoding=\"async\" width=\"600\" height=\"600\" src=\"https:\/\/vietcorp.com\/store\/wp-content\/uploads\/2022\/11\/Synology-rt6600ax-1.png\" class=\"attachment-woocommerce_thumbnail size-woocommerce_thumbnail\" alt=\"Synology RT6600ax\" srcset=\"https:\/\/vietcorp.com\/store\/wp-content\/uploads\/2022\/11\/Synology-rt6600ax-1.png 600w, https:\/\/vietcorp.com\/store\/wp-content\/uploads\/2022\/11\/Synology-rt6600ax-1-400x400.png 400w, https:\/\/vietcorp.com\/store\/wp-content\/uploads\/2022\/11\/Synology-rt6600ax-1-560x560.png 560w, https:\/\/vietcorp.com\/store\/wp-content\/uploads\/2022\/11\/Synology-rt6600ax-1-367x367.png 367w\" sizes=\"(max-width: 600px) 100vw, 600px\" \/><img decoding=\"async\" width=\"600\" height=\"600\" src=\"https:\/\/vietcorp.com\/store\/wp-content\/uploads\/2022\/11\/Synology-rt6600ax-2.png\" class=\"hover-image\" alt=\"\" srcset=\"https:\/\/vietcorp.com\/store\/wp-content\/uploads\/2022\/11\/Synology-rt6600ax-2.png 600w, https:\/\/vietcorp.com\/store\/wp-content\/uploads\/2022\/11\/Synology-rt6600ax-2-400x400.png 400w, https:\/\/vietcorp.com\/store\/wp-content\/uploads\/2022\/11\/Synology-rt6600ax-2-560x560.png 560w, https:\/\/vietcorp.com\/store\/wp-content\/uploads\/2022\/11\/Synology-rt6600ax-2-367x367.png 367w\" sizes=\"(max-width: 600px) 100vw, 600px\" \/><\/div>\r\n\t\t<\/a>\r\r\n\t\r\n\t\r\n\t<\/div>\r\r\n\r\r\n\t<div class=\"product-content\">\r\r\n\t\t<span class=\"category-list\"><a href=\"https:\/\/vietcorp.com\/store\/product-category\/thiet-bi-mang\/\" rel=\"tag\">Thi\u1ebft b\u1ecb m\u1ea1ng<\/a><\/span>\r\n\r\r\n\t\t\r\n\t<a class=\"product-loop-title\"  href=\"https:\/\/vietcorp.com\/store\/2799\/synology-rt6600ax\/\">\r\r\n\t<h3 class=\"woocommerce-loop-product__title\">Synology RT6600ax<\/h3>\r\n\t<\/a>\r\r\n\t\r\n\r\r\n\t\t\r\n\t<div class=\"description\">\r\r\n\t\t\r\n\t\t<p class=\"post-excerpt\">CPU: Quad core 1.8 GHz<br \/>\nRAM: 1 GB DDR3<br \/>\nC\u1ed5ng LAN: 2.5GbE (RJ-45) x 1, Gigabit (RJ-45) x 3<br \/>\nC\u1ed5ng WAN: Gigabit (RJ-45) x 1, 2.5 GbE (RJ-45) x 1 (Dual WAN)<br \/>\nIEEE 802.11ax:&#8230;<\/p>\n\r\n\t<\/div>\r\r\n\t\n\r\n\r\r\n\t\t\r\n<div class=\"add-links-wrap\">\r\r\n\t<div class=\"add-links clearfix\">\r\r\n\t\t<a href=\"https:\/\/vietcorp.com\/store\/2799\/synology-rt6600ax\/\" aria-describedby=\"woocommerce_loop_add_to_cart_link_describedby_2799\" data-quantity=\"1\" class=\"viewcart-style-2 button product_type_simple add_to_cart_read_more\" data-product_id=\"2799\" data-product_sku=\"SYNOLOGY-RT6600AX\" aria-label=\"\u0110\u1ecdc th\u00eam v\u1ec1 &ldquo;Synology RT6600ax&rdquo;\" rel=\"nofollow\" data-success_message=\"\">\u0110\u1ecdc ti\u1ebfp<\/a>\r\n\t\r\n\t<span id=\"woocommerce_loop_add_to_cart_link_describedby_2799\" class=\"screen-reader-text\">\r\r\n\t\t\r\n\t<\/span>\r\r\n\t\r\n\t<div class=\"quickview\" data-id=\"2799\" title=\"Xem nhanh\">Xem nhanh<\/div>\r\n\t<\/div>\r\r\n\t\r\n<\/div>\r\r\n<span class=\"gtm4wp_productdata\" style=\"display:none; visibility:hidden;\" data-gtm4wp_product_data=\"{&quot;internal_id&quot;:2799,&quot;item_id&quot;:2799,&quot;item_name&quot;:&quot;Synology RT6600ax&quot;,&quot;sku&quot;:&quot;SYNOLOGY-RT6600AX&quot;,&quot;price&quot;:0,&quot;stocklevel&quot;:0,&quot;stockstatus&quot;:&quot;outofstock&quot;,&quot;google_business_vertical&quot;:&quot;retail&quot;,&quot;item_category&quot;:&quot;Thi\\u1ebft b\\u1ecb m\\u1ea1ng&quot;,&quot;id&quot;:2799,&quot;productlink&quot;:&quot;https:\\\/\\\/vietcorp.com\\\/store\\\/2799\\\/synology-rt6600ax\\\/&quot;,&quot;item_list_name&quot;:&quot;General Product List&quot;,&quot;index&quot;:3,&quot;product_type&quot;:&quot;simple&quot;,&quot;item_brand&quot;:&quot;&quot;}\"><\/span>\r\n\t<\/div>\r\r\n<\/div>\r\r\n\r\r\n<\/li>\r\r\n\r\n\r\r\n<li class=\"product-col product-default product type-product post-2783 status-publish last instock product_cat-thiet-bi-mang product_tag-synology product_tag-synology-network has-post-thumbnail taxable shipping-taxable product-type-simple\">\r\r\n<div class=\"product-inner\">\r\r\n\t\r\n\r\r\n\t<div class=\"product-image\">\r\r\n\r\r\n\t\t<a  href=\"https:\/\/vietcorp.com\/store\/2783\/synology-wrx560-wi-fi6\/\" aria-label=\"product\">\r\r\n\t\t\t<div class=\"inner img-effect\"><img decoding=\"async\" width=\"600\" height=\"600\" src=\"https:\/\/vietcorp.com\/store\/wp-content\/uploads\/2022\/11\/thiet-bi-mang-Synology-wrx560-2.jpg?v=1668218902\" class=\"attachment-woocommerce_thumbnail size-woocommerce_thumbnail\" alt=\"Synology WRX560\" srcset=\"https:\/\/vietcorp.com\/store\/wp-content\/uploads\/2022\/11\/thiet-bi-mang-Synology-wrx560-2.jpg?v=1668218902 600w, https:\/\/vietcorp.com\/store\/wp-content\/uploads\/2022\/11\/thiet-bi-mang-Synology-wrx560-2-400x400.jpg?v=1668218902 400w, https:\/\/vietcorp.com\/store\/wp-content\/uploads\/2022\/11\/thiet-bi-mang-Synology-wrx560-2-560x560.jpg?v=1668218902 560w, https:\/\/vietcorp.com\/store\/wp-content\/uploads\/2022\/11\/thiet-bi-mang-Synology-wrx560-2-367x367.jpg?v=1668218902 367w\" sizes=\"(max-width: 600px) 100vw, 600px\" \/><img decoding=\"async\" width=\"600\" height=\"600\" src=\"https:\/\/vietcorp.com\/store\/wp-content\/uploads\/2022\/11\/thiet-bi-mang-Synology-wrx560-1.jpg?v=1668218906\" class=\"hover-image\" alt=\"\" srcset=\"https:\/\/vietcorp.com\/store\/wp-content\/uploads\/2022\/11\/thiet-bi-mang-Synology-wrx560-1.jpg?v=1668218906 600w, https:\/\/vietcorp.com\/store\/wp-content\/uploads\/2022\/11\/thiet-bi-mang-Synology-wrx560-1-400x400.jpg?v=1668218906 400w, https:\/\/vietcorp.com\/store\/wp-content\/uploads\/2022\/11\/thiet-bi-mang-Synology-wrx560-1-560x560.jpg?v=1668218906 560w, https:\/\/vietcorp.com\/store\/wp-content\/uploads\/2022\/11\/thiet-bi-mang-Synology-wrx560-1-367x367.jpg?v=1668218906 367w\" sizes=\"(max-width: 600px) 100vw, 600px\" \/><\/div>\r\n\t\t<\/a>\r\r\n\t\r\n\t\r\n\t<\/div>\r\r\n\r\r\n\t<div class=\"product-content\">\r\r\n\t\t<span class=\"category-list\"><a href=\"https:\/\/vietcorp.com\/store\/product-category\/thiet-bi-mang\/\" rel=\"tag\">Thi\u1ebft b\u1ecb m\u1ea1ng<\/a><\/span>\r\n\r\r\n\t\t\r\n\t<a class=\"product-loop-title\"  href=\"https:\/\/vietcorp.com\/store\/2783\/synology-wrx560-wi-fi6\/\">\r\r\n\t<h3 class=\"woocommerce-loop-product__title\">Synology WRX560<\/h3>\r\n\t<\/a>\r\r\n\t\r\n\r\r\n\t\t\r\n\t<div class=\"description\">\r\r\n\t\t\r\n\t\t<p class=\"post-excerpt\">CPU: Quad core 1.4 GHz<br \/>\nRAM: 512 MB DDR3<br \/>\nC\u1ed5ng LAN: 2.5GbE (RJ-45) x 1, Gigabit (RJ-45) x 3<br \/>\nC\u1ed5ng WAN: Gigabit (RJ-45) x 1, 2.5 GbE (RJ-45) x 1 (Dual WAN)<br \/>\nIEEE 802.11ax:&#8230;<\/p>\n\r\n\t<\/div>\r\r\n\t\n\r\n\r\r\n\t\t\r\n<div class=\"add-links-wrap\">\r\r\n\t<div class=\"add-links clearfix\">\r\r\n\t\t<a href=\"https:\/\/vietcorp.com\/store\/2783\/synology-wrx560-wi-fi6\/\" aria-describedby=\"woocommerce_loop_add_to_cart_link_describedby_2783\" data-quantity=\"1\" class=\"viewcart-style-2 button product_type_simple add_to_cart_read_more\" data-product_id=\"2783\" data-product_sku=\"SYNOLOGY-WRX560\" aria-label=\"\u0110\u1ecdc th\u00eam v\u1ec1 &ldquo;Synology WRX560&rdquo;\" rel=\"nofollow\" data-success_message=\"\">\u0110\u1ecdc ti\u1ebfp<\/a>\r\n\t\r\n\t<span id=\"woocommerce_loop_add_to_cart_link_describedby_2783\" class=\"screen-reader-text\">\r\r\n\t\t\r\n\t<\/span>\r\r\n\t\r\n\t<div class=\"quickview\" data-id=\"2783\" title=\"Xem nhanh\">Xem nhanh<\/div>\r\n\t<\/div>\r\r\n\t\r\n<\/div>\r\r\n<span class=\"gtm4wp_productdata\" style=\"display:none; visibility:hidden;\" data-gtm4wp_product_data=\"{&quot;internal_id&quot;:2783,&quot;item_id&quot;:2783,&quot;item_name&quot;:&quot;Synology WRX560&quot;,&quot;sku&quot;:&quot;SYNOLOGY-WRX560&quot;,&quot;price&quot;:0,&quot;stocklevel&quot;:null,&quot;stockstatus&quot;:&quot;instock&quot;,&quot;google_business_vertical&quot;:&quot;retail&quot;,&quot;item_category&quot;:&quot;Thi\\u1ebft b\\u1ecb m\\u1ea1ng&quot;,&quot;id&quot;:2783,&quot;productlink&quot;:&quot;https:\\\/\\\/vietcorp.com\\\/store\\\/2783\\\/synology-wrx560-wi-fi6\\\/&quot;,&quot;item_list_name&quot;:&quot;General Product List&quot;,&quot;index&quot;:4,&quot;product_type&quot;:&quot;simple&quot;,&quot;item_brand&quot;:&quot;&quot;}\"><\/span>\r\n\t<\/div>\r\r\n<\/div>\r\r\n\r\r\n<\/li>\r\r\n\r\n<\/ul>\r\r\n<\/div><\/div>[\/vc_column][\/vc_row]<\/p>\n<\/section>","protected":false},"excerpt":{"rendered":"<p>[vc_row][vc_column][vc_column_text] Ch\u1ee9c n\u0103ng m\u00f4 \u0111un Synology Router Manager Synology Router Manager (SRM) c\u00f3 th\u1ec3 d\u1ec5 d\u00e0ng m\u1edf r\u1ed9ng v\u1edbi ph\u1ea7n m\u1ec1m b\u1ed5 sung th\u00f4ng qua Package Center. C\u00e1c ch\u1ee9c n\u0103ng m\u1edbi s\u1ebd \u0111\u01b0\u1ee3c ra m\u1eaft th\u01b0\u1eddng xuy\u00ean \u0111\u1ec3 t\u0103ng c\u01b0\u1eddng n\u0103ng l\u1ef1c cho c\u00e1c s\u1ea3n ph\u1ea9m network m\u1edbi c\u0169ng nh\u01b0 hi\u1ec7n h\u00e0nh c\u1ee7a Synology. [\/vc_column_text][\/vc_column][\/vc_row][vc_row][vc_column][vc_column_text] [&hellip;]<\/p>\n","protected":false},"author":268,"featured_media":5744,"parent":0,"menu_order":0,"comment_status":"closed","ping_status":"closed","template":"","meta":{"footnotes":""},"class_list":["post-5742","page","type-page","status-publish","has-post-thumbnail","hentry"],"_links":{"self":[{"href":"https:\/\/vietcorp.com\/store\/wp-json\/wp\/v2\/pages\/5742","targetHints":{"allow":["GET"]}}],"collection":[{"href":"https:\/\/vietcorp.com\/store\/wp-json\/wp\/v2\/pages"}],"about":[{"href":"https:\/\/vietcorp.com\/store\/wp-json\/wp\/v2\/types\/page"}],"author":[{"embeddable":true,"href":"https:\/\/vietcorp.com\/store\/wp-json\/wp\/v2\/users\/268"}],"replies":[{"embeddable":true,"href":"https:\/\/vietcorp.com\/store\/wp-json\/wp\/v2\/comments?post=5742"}],"version-history":[{"count":0,"href":"https:\/\/vietcorp.com\/store\/wp-json\/wp\/v2\/pages\/5742\/revisions"}],"wp:featuredmedia":[{"embeddable":true,"href":"https:\/\/vietcorp.com\/store\/wp-json\/wp\/v2\/media\/5744"}],"wp:attachment":[{"href":"https:\/\/vietcorp.com\/store\/wp-json\/wp\/v2\/media?parent=5742"}],"curies":[{"name":"wp","href":"https:\/\/api.w.org\/{rel}","templated":true}]}}