


{"id":3,"date":"2020-11-03T01:03:52","date_gmt":"2020-11-03T01:03:52","guid":{"rendered":"https:\/\/www.vietcorp.com\/store\/?page_id=3"},"modified":"2023-01-03T14:21:29","modified_gmt":"2023-01-03T07:21:29","slug":"chinh-sach-bao-mat","status":"publish","type":"page","link":"https:\/\/vietcorp.com\/store\/chinh-sach-bao-mat\/","title":{"rendered":"Ch\u00ednh s\u00e1ch b\u1ea3o m\u1eadt"},"content":{"rendered":"<p>Ch\u00ednh s\u00e1ch b\u1ea3o m\u1eadt th\u00f4ng tin \u0111\u01b0\u1ee3c tu\u00e2n th\u1ee7 theo \u0111\u00fang quy \u0111\u1ecbnh ph\u00e1p lu\u1eadt li\u00ean quan v\u1ec1 b\u1ea3o v\u1ec7 th\u00f4ng tin c\u00e1 nh\u00e2n v\u00e0 Ngh\u1ecb \u0111\u1ecbnh 52\/2013\/N\u0110-CP c\u1ee7a ch\u00ednh ph\u1ee7 v\u1ec1 th\u01b0\u01a1ng m\u1ea1i \u0111i\u1ec7n t\u1eed ban h\u00e0nh ng\u00e0y 16\/05\/2013<\/p>\n<p>C\u00e1m \u01a1n qu\u00fd kh\u00e1ch \u0111\u00e3 truy c\u1eadp v\u00e0o website\u00a0<a href=\"\/\">Vietcorp.com<\/a>\u00a0c\u1ee7a C\u00f4ng ty C\u1ed5 Ph\u1ea7n Vietcorp. Ch\u00fang t\u00f4i t\u00f4n tr\u1ecdng v\u00e0 cam k\u1ebft s\u1ebd b\u1ea3o m\u1eadt nh\u1eefng th\u00f4ng tin mang t\u00ednh ri\u00eang t\u01b0 c\u1ee7a qu\u00fd kh\u00e1ch h\u00e0ng. Xin vui l\u00f2ng \u0111\u1ecdc b\u1ea3n Ch\u00ednh s\u00e1ch b\u1ea3o m\u1eadt d\u01b0\u1edbi \u0111\u00e2y \u0111\u1ec3 hi\u1ec3u h\u01a1n nh\u1eefng cam k\u1ebft m\u00e0 ch\u00fang t\u00f4i th\u1ef1c hi\u1ec7n nh\u1eb1m t\u00f4n tr\u1ecdng v\u00e0 b\u1ea3o v\u1ec7 quy\u1ec1n l\u1ee3i c\u1ee7a ng\u01b0\u1eddi truy c\u1eadp.<\/p>\n<p><b>1.\u00a0 \u00a0 \u00a0 \u00a0M\u1ee5c \u0111\u00edch:<\/b>\u00a0\u0110\u0103ng k\u00fd t\u00e0i kho\u1ea3n th\u00e0nh vi\u00ean tr\u00ean website:\u00a0<a href=\"\/\">Vietcorp.com<\/a>\u00a0nh\u1eb1m truy c\u1eadp v\u00e0 s\u1eed d\u1ee5ng m\u1ed9t s\u1ed1 d\u1ecbch v\u1ee5. M\u1ecdi th\u00f4ng tin khai b\u00e1o ph\u1ea3i \u0111\u1ea3m b\u1ea3o t\u00ednh ch\u00ednh x\u00e1c v\u00e0 h\u1ee3p ph\u00e1p (email, h\u1ecd t\u00ean, s\u1ed1 \u0111i\u1ec7n tho\u1ea1i\u2026). Ch\u00fang t\u00f4i kh\u00f4ng ch\u1ecbu m\u1ecdi tr\u00e1ch nhi\u1ec7m ph\u00e1p lu\u1eadt v\u1edbi nh\u1eefng th\u00f4ng tin khai b\u00e1o sai, th\u00e0nh vi\u00ean sau khi \u0111\u0103ng k\u00fd t\u1ef1 qu\u1ea3n l\u00fd t\u00e0i kho\u1ea3n, m\u1eadt kh\u1ea9u c\u1ee7a m\u00ecnh.<\/p>\n<p><b>2.\u00a0 \u00a0 \u00a0 \u00a0Ph\u1ea1m vi s\u1eed d\u1ee5ng:<\/b>\u00a0<a href=\"\/\">Vietcorp.com<\/a>\u00a0thu th\u1eadp v\u00e0 s\u1eed d\u1ee5ng th\u00f4ng tin c\u00e1 nh\u00e2n th\u00e0nh vi\u00ean v\u1edbi m\u1ee5c \u0111\u00edch ph\u00f9 h\u1ee3p v\u00e0 ho\u00e0n to\u00e0n tu\u00e2n th\u1ee7 n\u1ed9i dung c\u1ee7a \u201cCh\u00ednh s\u00e1ch b\u1ea3o m\u1eadt\u201d n\u00e0y. Khi c\u1ea7n thi\u1ebft, ch\u00fang t\u00f4i c\u00f3 th\u1ec3 s\u1eed d\u1ee5ng nh\u1eefng th\u00f4ng tin n\u00e0y \u0111\u1ec3 li\u00ean h\u1ec7 tr\u1ef1c ti\u1ebfp v\u1edbi th\u00e0nh vi\u00ean d\u01b0\u1edbi c\u00e1c h\u00ecnh th\u1ee9c nh\u01b0: g\u1edfi th\u01b0 ng\u1ecf, ch\u01b0\u01a1ng tr\u00ecnh khuy\u1ebfn m\u00e3i, \u0111\u01a1n \u0111\u1eb7t h\u00e0ng, th\u01b0 c\u1ea3m \u01a1n, sms, th\u00f4ng tin v\u1ec1 k\u1ef9 thu\u1eadt v\u00e0 b\u1ea3o m\u1eadt\u2026<\/p>\n<p><b>3.\u00a0 \u00a0 \u00a0 \u00a0Th\u1eddi gian l\u01b0u tr\u1eef th\u00f4ng tin:<\/b>\u00a0D\u1eef li\u1ec7u c\u00e1 nh\u00e2n c\u1ee7a Th\u00e0nh vi\u00ean s\u1ebd \u0111\u01b0\u1ee3c l\u01b0u tr\u1eef cho \u0111\u1ebfn khi c\u00f3 y\u00eau c\u1ea7u h\u1ee7y b\u1ecf ho\u1eb7c t\u1ef1 th\u00e0nh vi\u00ean \u0111\u0103ng nh\u1eadp v\u00e0 th\u1ef1c hi\u1ec7n h\u1ee7y b\u1ecf. C\u00f2n l\u1ea1i trong m\u1ecdi tr\u01b0\u1eddng h\u1ee3p th\u00f4ng tin c\u00e1 nh\u00e2n th\u00e0nh vi\u00ean s\u1ebd \u0111\u01b0\u1ee3c b\u1ea3o m\u1eadt tr\u00ean m\u00e1y ch\u1ee7 c\u1ee7a\u00a0<a href=\"\/\">Vietcorp.com<\/a><\/p>\n<p><b>4.\u00a0 \u00a0 \u00a0 \u00a0\u0110\u1ecba ch\u1ec9 c\u1ee7a \u0111\u01a1n v\u1ecb thu th\u1eadp v\u00e0 qu\u1ea3n l\u00fd th\u00f4ng tin c\u00e1 nh\u00e2n:<br \/>\n<\/b><\/p>\n<ul>\n<li>Tr\u1ee5 s\u1edf ch\u00ednh: 134\/1 C\u00e1ch M\u1ea1ng Th\u00e1ng 8, Ph\u01b0\u1eddng 10, Qu\u1eadn 3, TP H\u1ed3 Ch\u00ed Minh<\/li>\n<li>\u0110i\u1ec7n tho\u1ea1i: (028) 7301 8899<\/li>\n<li>Email: contact@vietcorp.com<\/li>\n<li>Website:\u00a0<a href=\"\/\">Vietcorp.com<\/a><\/li>\n<\/ul>\n<p><b>5.\u00a0 \u00a0 \u00a0 \u00a0Ph\u01b0\u01a1ng ti\u1ec7n v\u00e0 c\u00f4ng c\u1ee5 ng\u01b0\u1eddi d\u00f9ng ti\u1ebfp c\u1eadn \u2013 ch\u1ec9nh s\u1eeda d\u1eef li\u1ec7u c\u00e1 nh\u00e2n<br \/>\n<\/b><\/p>\n<ul>\n<li>Qu\u00fd kh\u00e1ch h\u00e0ng c\u00f3 quy\u1ec1n truy c\u1eadp d\u1eef li\u1ec7u c\u00e1 nh\u00e2n c\u1ee7a m\u00ecnh v\u00e0 th\u00f4ng tin v\u1ec1 qu\u00fd kh\u00e1ch h\u00e0ng ho\u1eb7c y\u00eau c\u1ea7u ch\u00fang t\u00f4i kh\u00f4ng x\u1eed l\u00fd d\u1eef li\u1ec7u c\u00e1 nh\u00e2n c\u1ee7a qu\u00fd kh\u00e1ch h\u00e0ng v\u00ec m\u1ee5c \u0111\u00edch ti\u1ebfp th\u1ecb. Qu\u00fd kh\u00e1ch h\u00e0ng c\u00f3 th\u1ec3 th\u1ef1c hi\u1ec7n vi\u1ec7c n\u00e0y b\u1eb1ng c\u00e1ch g\u1eedi email cho ch\u00fang t\u00f4i qua email: contact@vietcorp.com<\/li>\n<\/ul>\n<p><b>6.\u00a0 \u00a0 \u00a0 \u00a0Cam k\u1ebft b\u1ea3o m\u1eadt th\u00f4ng tin kh\u00e1ch h\u00e0ng<br \/>\n<\/b><\/p>\n<ul>\n<li>Ch\u00fang t\u00f4i c\u00f3 bi\u1ec7n ph\u00e1p th\u00edch h\u1ee3p v\u1ec1 k\u1ef9 thu\u1eadt v\u00e0 an ninh \u0111\u1ec3 ng\u0103n ch\u1eb7n truy c\u1eadp tr\u00e1i ph\u00e9p ho\u1eb7c tr\u00e1i ph\u00e1p lu\u1eadt ho\u1eb7c m\u1ea5t m\u00e1t ho\u1eb7c ti\u00eau h\u1ee7y ho\u1eb7c thi\u1ec7t h\u1ea1i cho th\u00f4ng tin c\u1ee7a qu\u00fd kh\u00e1ch h\u00e0ng. Khi thu th\u1eadp d\u1eef li\u1ec7u tr\u00ean web, ch\u00fang t\u00f4i thu th\u1eadp chi ti\u1ebft c\u00e1 nh\u00e2n c\u1ee7a qu\u00fd kh\u00e1ch h\u00e0ng tr\u00ean m\u00e1y ch\u1ee7 an to\u00e0n.<\/li>\n<li>Th\u00f4ng tin c\u00e1 nh\u00e2n c\u1ee7a qu\u00fd kh\u00e1ch h\u00e0ng tr\u00ean\u00a0<a href=\"\/\">Vietcorp.com<\/a>\u00a0\u0111\u01b0\u1ee3c ch\u00fang t\u00f4i cam k\u1ebft b\u1ea3o m\u1eadt tuy\u1ec7t \u0111\u1ed1i theo ch\u00ednh s\u00e1ch b\u1ea3o v\u1ec7 th\u00f4ng tin c\u00e1 nh\u00e2n c\u1ee7a\u00a0<a href=\"\/\">Vietcorp.com<\/a>. Vi\u1ec7c thu th\u1eadp v\u00e0 s\u1eed d\u1ee5ng th\u00f4ng tin c\u1ee7a m\u1ed7i th\u00e0nh vi\u00ean ch\u1ec9 \u0111\u01b0\u1ee3c th\u1ef1c hi\u1ec7n khi c\u00f3 s\u1ef1 \u0111\u1ed3ng \u00fd c\u1ee7a kh\u00e1ch h\u00e0ng \u0111\u00f3 tr\u1eeb nh\u1eefng tr\u01b0\u1eddng h\u1ee3p ph\u00e1p lu\u1eadt c\u00f3 quy \u0111\u1ecbnh kh\u00e1c.<\/li>\n<li>Ch\u00fang t\u00f4i c\u0169ng s\u1eed d\u1ee5ng cookie \u0111\u1ec3 gi\u00fap qu\u00fd kh\u00e1ch h\u00e0ng d\u1ec5 s\u1eed d\u1ee5ng trang web c\u1ee7a ch\u00fang t\u00f4i h\u01a1n v\u00e0 ch\u00fang t\u00f4i khuy\u00ean qu\u00fd kh\u00e1ch h\u00e0ng cho ph\u00e9p \u0111i\u1ec1u n\u00e0y \u0111\u1ec3 qu\u00fd kh\u00e1ch h\u00e0ng c\u00f3 th\u1ec3 t\u1eadn d\u1ee5ng h\u1ebft l\u1ee3i \u00edch c\u1ee7a n\u00f3. Tuy nhi\u00ean, \u0111i\u1ec1u n\u00e0y ho\u00e0n to\u00e0n t\u00f9y thu\u1ed9c v\u00e0o qu\u00fd kh\u00e1ch h\u00e0ng n\u1ebfu qu\u00fd kh\u00e1ch h\u00e0ng mu\u1ed1n x\u00f3a cookie kh\u1ecfi tr\u00ecnh duy\u1ec7t c\u1ee7a m\u00ecnh.<\/li>\n<li>Ch\u00fang t\u00f4i kh\u00f4ng g\u1eedi chi ti\u1ebft c\u1ee7a qu\u00fd kh\u00e1ch h\u00e0ng cho c\u00e1c b\u00ean th\u1ee9 ba v\u00ec l\u00fd do th\u01b0\u01a1ng m\u1ea1i, tr\u1eeb khi nh\u1eb1m tr\u1ee3 gi\u00fap quy tr\u00ecnh \u0111\u1eb7t h\u00e0ng ho\u1eb7c v\u1eadn chuy\u1ec3n ho\u1eb7c h\u1ed7 tr\u1ee3 cho qu\u00fd kh\u00e1ch h\u00e0ng.<\/li>\n<li>Ch\u00fang t\u00f4i c\u00f3 th\u1ec3 cung c\u1ea5p cho qu\u00fd kh\u00e1ch h\u00e0ng t\u00f9y ch\u1ecdn chia s\u1ebb m\u1ed9t s\u1ed1 th\u00f4ng tin v\u1edbi c\u00e1c trang web ho\u1eb7c c\u00e1c trang web m\u1ea1ng x\u00e3 h\u1ed9i nh\u01b0 Facebook ho\u1eb7c Twitter. N\u1ebfu qu\u00fd kh\u00e1ch h\u00e0ng chia s\u1ebb, th\u00f4ng tin m\u00e0 qu\u00fd kh\u00e1ch h\u00e0ng ti\u1ebft l\u1ed9 c\u00f3 th\u1ec3 \u0111\u01b0\u1ee3c s\u1eed d\u1ee5ng b\u1edfi c\u00e1c trang web ho\u1eb7c \u1ee9ng d\u1ee5ng c\u1ee7a b\u00ean th\u1ee9 ba n\u00e0y \u2013 vui l\u00f2ng \u0111\u1ecdc c\u00e1c ch\u00ednh s\u00e1ch quy\u1ec1n ri\u00eang t\u01b0 c\u1ee7a h\u1ecd \u0111\u1ec3 bi\u1ebft th\u00eam th\u00f4ng tin.<\/li>\n<li>Trong tr\u01b0\u1eddng h\u1ee3p m\u00e1y ch\u1ee7 l\u01b0u tr\u1eef th\u00f4ng tin b\u1ecb hacker t\u1ea5n c\u00f4ng d\u1eabn \u0111\u1ebfn m\u1ea5t m\u00e1t d\u1eef li\u1ec7u c\u00e1 nh\u00e2n th\u00e0nh vi\u00ean, Vietcorp s\u1ebd c\u00f3 tr\u00e1ch nhi\u1ec7m th\u00f4ng b\u00e1o v\u1ee5 vi\u1ec7c cho c\u01a1 quan ch\u1ee9c n\u0103ng \u0111i\u1ec1u tra x\u1eed l\u00fd k\u1ecbp th\u1eddi v\u00e0 th\u00f4ng b\u00e1o cho qu\u00fd kh\u00e1ch h\u00e0ng \u0111\u01b0\u1ee3c bi\u1ebft.<\/li>\n<li>Ban qu\u1ea3n l\u00fd C\u00f4ng ty C\u1ed5 Ph\u1ea7n Vietcorp y\u00eau c\u1ea7u c\u00e1c c\u00e1 nh\u00e2n khi \u0111\u0103ng k\u00fd\/mua h\u00e0ng l\u00e0 qu\u00fd kh\u00e1ch h\u00e0ng, ph\u1ea3i cung c\u1ea5p \u0111\u1ea7y \u0111\u1ee7 th\u00f4ng tin c\u00e1 nh\u00e2n c\u00f3 li\u00ean quan nh\u01b0: H\u1ecd v\u00e0 t\u00ean, \u0111\u1ecba ch\u1ec9 li\u00ean l\u1ea1c, email, s\u1ed1 ch\u1ee9ng minh nh\u00e2n d\u00e2n, \u0111i\u1ec7n tho\u1ea1i \u2026., v\u00e0 ch\u1ecbu tr\u00e1ch nhi\u1ec7m v\u1ec1 t\u00ednh ph\u00e1p l\u00fd c\u1ee7a nh\u1eefng th\u00f4ng tin tr\u00ean. Ch\u00fang t\u00f4i kh\u00f4ng ch\u1ecbu tr\u00e1ch nhi\u1ec7m c\u0169ng nh\u01b0 kh\u00f4ng gi\u1ea3i quy\u1ebft m\u1ecdi khi\u1ebfu n\u1ea1i c\u00f3 li\u00ean quan \u0111\u1ebfn quy\u1ec1n l\u1ee3i c\u1ee7a qu\u00fd kh\u00e1ch h\u00e0ng \u0111\u00f3 n\u1ebfu x\u00e9t th\u1ea5y t\u1ea5t c\u1ea3 th\u00f4ng tin c\u00e1 nh\u00e2n c\u1ee7a qu\u00fd kh\u00e1ch h\u00e0ng \u0111\u00f3 cung c\u1ea5p khi \u0111\u0103ng k\u00fd ban \u0111\u1ea7u l\u00e0 kh\u00f4ng ch\u00ednh x\u00e1c.<\/li>\n<\/ul>\n<p>Ch\u00ednh s\u00e1ch b\u1ea3o m\u1eadt n\u00e0y l\u00e0 m\u1ed9t ph\u1ea7n c\u1ee7a <a href=\"\/store\/dieu-khoan-dieu-kien\/\">\u0110i\u1ec1u kho\u1ea3n &amp; \u0110i\u1ec1u ki\u1ec7n<\/a><\/p>\n<p>Ch\u00fang t\u00f4i c\u00f3 quy\u1ec1n thay \u0111\u1ed5i th\u00f4ng tin Ch\u00ednh s\u00e1ch b\u1ea3o m\u1eadt n\u00e0y b\u1ea5t c\u1ee9 l\u00fac n\u00e0o m\u00e0 kh\u00f4ng c\u1ea7n b\u00e1o tr\u01b0\u1edbc.<\/p>\n<p>N\u1ebfu qu\u00fd kh\u00e1ch h\u00e0ng kh\u00f4ng ch\u1ea5p nh\u1eadn ho\u1eb7c kh\u00f4ng hi\u1ec3u c\u00e1c \u0111i\u1ec1u kho\u1ea3n trong ch\u00ednh s\u00e1ch quy\u1ec1n ri\u00eang t\u01b0 \u0111\u1ea7y \u0111\u1ee7 c\u1ee7a ch\u00fang t\u00f4i, vui l\u00f2ng kh\u00f4ng ti\u1ebfp t\u1ee5c s\u1eed d\u1ee5ng trang web v\u00e0 d\u1ecbch v\u1ee5 c\u1ee7a ch\u00fang t\u00f4i. N\u1ebfu qu\u00fd kh\u00e1ch h\u00e0ng c\u00f3 b\u1ea5t k\u1ef3 c\u00e2u h\u1ecfi n\u00e0o v\u1ec1 b\u1ea3n t\u00f3m t\u1eaft n\u00e0y ho\u1eb7c ch\u00ednh s\u00e1ch quy\u1ec1n ri\u00eang t\u01b0 \u0111\u1ea7y \u0111\u1ee7, vui l\u00f2ng li\u00ean h\u1ec7 v\u1edbi ch\u00fang t\u00f4i.<\/p>\n","protected":false},"excerpt":{"rendered":"<p>Ch\u00ednh s\u00e1ch b\u1ea3o m\u1eadt th\u00f4ng tin \u0111\u01b0\u1ee3c tu\u00e2n th\u1ee7 theo \u0111\u00fang quy \u0111\u1ecbnh ph\u00e1p lu\u1eadt li\u00ean quan v\u1ec1 b\u1ea3o v\u1ec7 th\u00f4ng tin c\u00e1 nh\u00e2n v\u00e0 Ngh\u1ecb \u0111\u1ecbnh 52\/2013\/N\u0110-CP c\u1ee7a ch\u00ednh ph\u1ee7 v\u1ec1 th\u01b0\u01a1ng m\u1ea1i \u0111i\u1ec7n t\u1eed ban h\u00e0nh ng\u00e0y 16\/05\/2013 C\u00e1m \u01a1n qu\u00fd kh\u00e1ch \u0111\u00e3 truy c\u1eadp v\u00e0o website\u00a0Vietcorp.com\u00a0c\u1ee7a C\u00f4ng ty C\u1ed5 Ph\u1ea7n Vietcorp. Ch\u00fang [&hellip;]<\/p>\n","protected":false},"author":1,"featured_media":0,"parent":0,"menu_order":0,"comment_status":"closed","ping_status":"open","template":"","meta":{"footnotes":""},"class_list":["post-3","page","type-page","status-publish","hentry"],"_links":{"self":[{"href":"https:\/\/vietcorp.com\/store\/wp-json\/wp\/v2\/pages\/3","targetHints":{"allow":["GET"]}}],"collection":[{"href":"https:\/\/vietcorp.com\/store\/wp-json\/wp\/v2\/pages"}],"about":[{"href":"https:\/\/vietcorp.com\/store\/wp-json\/wp\/v2\/types\/page"}],"author":[{"embeddable":true,"href":"https:\/\/vietcorp.com\/store\/wp-json\/wp\/v2\/users\/1"}],"replies":[{"embeddable":true,"href":"https:\/\/vietcorp.com\/store\/wp-json\/wp\/v2\/comments?post=3"}],"version-history":[{"count":0,"href":"https:\/\/vietcorp.com\/store\/wp-json\/wp\/v2\/pages\/3\/revisions"}],"wp:attachment":[{"href":"https:\/\/vietcorp.com\/store\/wp-json\/wp\/v2\/media?parent=3"}],"curies":[{"name":"wp","href":"https:\/\/api.w.org\/{rel}","templated":true}]}}