


{"id":293,"date":"2020-11-03T10:43:27","date_gmt":"2020-11-03T03:43:27","guid":{"rendered":"https:\/\/www.vietcorp.com\/store\/?page_id=293"},"modified":"2020-11-03T10:43:27","modified_gmt":"2020-11-03T03:43:27","slug":"chinh-sach-giao-hang","status":"publish","type":"page","link":"https:\/\/vietcorp.com\/store\/chinh-sach-giao-hang\/","title":{"rendered":"Ch\u00ednh s\u00e1ch giao h\u00e0ng"},"content":{"rendered":"<p>&nbsp;<\/p>\n<p>C\u00f4ng Ty C\u1ed5 Ph\u1ea7n Vietcorp c\u00f3 d\u1ecbch v\u1ee5 giao h\u00e0ng t\u1eadn n\u01a1i tr\u00ean to\u00e0n qu\u1ed1c.<\/p>\n<p>\u0110\u01a1n h\u00e0ng s\u1ebd \u0111\u01b0\u1ee3c chuy\u1ec3n ph\u00e1t \u0111\u1ebfn t\u1eadn \u0111\u1ecba ch\u1ec9 kh\u00e1ch h\u00e0ng cung c\u1ea5p th\u00f4ng qua c\u00f4ng ty v\u1eadn chuy\u1ec3n trung gian.<\/p>\n<p><b>1. Th\u1eddi gian giao h\u00e0ng:<\/b><\/p>\n<p>N\u1ed9i v\u00e0 Ngo\u1ea1i th\u00e0nh TP.HCM:<\/p>\n<p><strong>\u0110\u1ed1i v\u1edbi h\u00e0ng c\u00f3 s\u1eb5n:<\/strong><\/p>\n<p>\u2013 \u0110\u01a1n h\u00e0ng giao t\u1ea1i Tp HCM:<\/p>\n<ul>\n<li>Th\u1eddi gian giao h\u00e0ng l\u00e0 4 gi\u1edd l\u00e0m vi\u1ec7c sau khi Vietcorp nh\u1eadn \u0111\u01b0\u1ee3c thanh to\u00e1n.<\/li>\n<li>\u0110\u01a1n h\u00e0ng tr\u01b0\u1edbc 11h30 tr\u01b0a th\u00ec s\u1ebd giao trong bu\u1ed5i chi\u1ec1u c\u00f9ng ng\u00e0y<\/li>\n<li>\u0110\u01a1n h\u00e0ng sau 11h30 s\u1ebd giao trong s\u00e1ng h\u00f4m sau.<\/li>\n<\/ul>\n<p>\u2013 \u0110\u01a1n h\u00e0ng \u1edf c\u00e1c t\u1ec9nh th\u00e0nh kh\u00e1c:<\/p>\n<ul>\n<li>Th\u1eddi gian l\u00e0 1-5 ng\u00e0y sau khi Vietcorp nh\u1eadn \u0111\u01b0\u1ee3c thanh to\u00e1n \u0111\u1ed1i v\u1edbi khu v\u1ef1c trung t\u00e2m t\u1ec9nh th\u00e0nh ph\u1ed1, 3-7 ng\u00e0y \u0111\u1ed1i v\u1edbi khu v\u1ef1c ngo\u1ea1i th\u00e0nh, huy\u1ec7n, x\u00e3, th\u1ecb tr\u1ea5n\u2026<\/li>\n<\/ul>\n<p><strong>\u0110\u1ed1i v\u1edbi h\u00e0ng kh\u00f4ng c\u00f3 s\u1eb5n:<\/strong><\/p>\n<p>\u2013 Th\u1eddi gian giao h\u00e0ng ph\u1ee5 thu\u1ed9c v\u00e0o th\u1eddi gian \u0111\u1eb7t h\u00e0ng theo quy \u0111\u1ecbnh t\u1eebng h\u00e3ng. B\u1ed9 ph\u1eadn kinh doanh s\u1ebd c\u1eadp nh\u1eadt th\u1eddi gian giao h\u00e0ng chi ti\u1ebft trong \u0111\u01a1n h\u00e0ng.<\/p>\n<p><em><strong>(Th\u1eddi gian giao h\u00e0ng kh\u00f4ng t\u00ednh th\u1ee9 b\u1ea3y, ch\u1ee7 nh\u1eadt hay c\u00e1c ng\u00e0y l\u1ec5 t\u1ebft)<\/strong><\/em><\/p>\n<p>Th\u1eddi gian x\u1eed l\u00fd \u0111\u01a1n h\u00e0ng s\u1ebd \u0111\u01b0\u1ee3c t\u00ednh t\u1eeb khi nh\u1eadn \u0111\u01b0\u1ee3c x\u00e1c nh\u1eadn \u0111\u01a1n h\u00e0ng ho\u1eb7c thanh to\u00e1n ho\u00e0n t\u1ea5t c\u1ee7a qu\u00fd kh\u00e1ch.<\/p>\n<p>C\u00f3 th\u1ec3 thay \u0111\u1ed5i th\u1eddi gian giao h\u00e0ng n\u1ebfu kh\u00e1ch h\u00e0ng y\u00eau c\u1ea7u v\u00e0 Vietcorp ch\u1ee7 \u0111\u1ed9ng \u0111\u1ed5i trong tr\u01b0\u1eddng h\u1ee3p ch\u1ecbu \u1ea3nh h\u01b0\u1edfng c\u1ee7a thi\u00ean tai ho\u1eb7c c\u00e1c s\u1ef1 ki\u1ec7n \u0111\u1eb7c bi\u1ec7t kh\u00e1c.<\/p>\n<p>\u0110\u1ec3 ki\u1ec3m tra th\u00f4ng tin ho\u1eb7c t\u00ecnh tr\u1ea1ng \u0111\u01a1n h\u00e0ng c\u1ee7a qu\u00fd kh\u00e1ch, xin vui lo\u0300ng li\u00ean h\u1ec7 b\u1ed9 ph\u1eadn CSKH ho\u1eb7c g\u1ecdi s\u1ed1 hotline, cung c\u1ea5p M\u00e3 \u0111\u01a1n h\u00e0ng \u0111\u1ec3 \u0111\u01b0\u1ee3c ki\u1ec3m tra.<\/p>\n<p>Khi h\u00e0ng \u0111\u01b0\u1ee3c giao \u0111\u1ebfn qu\u00fd kh\u00e1ch, vui l\u00f2ng k\u00fd x\u00e1c nh\u1eadn v\u1edbi nh\u00e2n vi\u00ean giao h\u00e0ng v\u00e0 ki\u1ec3m tra l\u1ea1i s\u1ed1 l\u01b0\u1ee3ng c\u0169ng nh\u01b0 lo\u1ea1i h\u00e0ng h\u00f3a \u0111\u01b0\u1ee3c giao c\u00f3 ch\u00ednh x\u00e1c kh\u00f4ng. Xin qu\u00fd kh\u00e1ch vui l\u00f2ng gi\u1eef l\u1ea1i bi\u00ean l\u1ea1i v\u1eadn chuy\u1ec3n v\u00e0 h\u00f3a \u0111\u01a1n mua h\u00e0ng \u0111\u1ec3 \u0111\u1ed1i chi\u1ebfu ki\u1ec3m tra.<\/p>\n<p><b>2. Ph\u00ed giao h\u00e0ng:<\/b><\/p>\n<p>Mi\u1ec5n ph\u00ed giao h\u00e0ng khu v\u1ef1c n\u1ed9i th\u00e0nh TP HCM<\/p>\n<p>C\u00e1c khu v\u1ef1c kh\u00e1c ph\u00ed giao h\u00e0ng s\u1ebd \u0111\u01b0\u1ee3c c\u1eadp nh\u1eadt trong \u0111\u01a1n h\u00e0ng<\/p>\n<p>Ch\u00ednh s\u00e1ch giao h\u00e0ng n\u00e0y l\u00e0 m\u1ed9t ph\u1ea7n c\u1ee7a <a href=\"\/store\/dieu-khoan-dieu-kien\/\">\u0110i\u1ec1u kho\u1ea3n &amp; \u0110i\u1ec1u ki\u1ec7n<\/a><\/p>\n<p>Ch\u00fang t\u00f4i c\u00f3 quy\u1ec1n thay \u0111\u1ed5i th\u00f4ng tin Ch\u00ednh s\u00e1ch giao h\u00e0ng n\u00e0y b\u1ea5t c\u1ee9 l\u00fac n\u00e0o m\u00e0 kh\u00f4ng c\u1ea7n b\u00e1o tr\u01b0\u1edbc.<\/p>\n","protected":false},"excerpt":{"rendered":"<p>&nbsp; C\u00f4ng Ty C\u1ed5 Ph\u1ea7n Vietcorp c\u00f3 d\u1ecbch v\u1ee5 giao h\u00e0ng t\u1eadn n\u01a1i tr\u00ean to\u00e0n qu\u1ed1c. \u0110\u01a1n h\u00e0ng s\u1ebd \u0111\u01b0\u1ee3c chuy\u1ec3n ph\u00e1t \u0111\u1ebfn t\u1eadn \u0111\u1ecba ch\u1ec9 kh\u00e1ch h\u00e0ng cung c\u1ea5p th\u00f4ng qua c\u00f4ng ty v\u1eadn chuy\u1ec3n trung gian. 1. Th\u1eddi gian giao h\u00e0ng: N\u1ed9i v\u00e0 Ngo\u1ea1i th\u00e0nh TP.HCM: \u0110\u1ed1i v\u1edbi h\u00e0ng c\u00f3 s\u1eb5n: \u2013 \u0110\u01a1n [&hellip;]<\/p>\n","protected":false},"author":2,"featured_media":0,"parent":0,"menu_order":0,"comment_status":"closed","ping_status":"closed","template":"","meta":{"footnotes":""},"class_list":["post-293","page","type-page","status-publish","hentry"],"_links":{"self":[{"href":"https:\/\/vietcorp.com\/store\/wp-json\/wp\/v2\/pages\/293","targetHints":{"allow":["GET"]}}],"collection":[{"href":"https:\/\/vietcorp.com\/store\/wp-json\/wp\/v2\/pages"}],"about":[{"href":"https:\/\/vietcorp.com\/store\/wp-json\/wp\/v2\/types\/page"}],"author":[{"embeddable":true,"href":"https:\/\/vietcorp.com\/store\/wp-json\/wp\/v2\/users\/2"}],"replies":[{"embeddable":true,"href":"https:\/\/vietcorp.com\/store\/wp-json\/wp\/v2\/comments?post=293"}],"version-history":[{"count":0,"href":"https:\/\/vietcorp.com\/store\/wp-json\/wp\/v2\/pages\/293\/revisions"}],"wp:attachment":[{"href":"https:\/\/vietcorp.com\/store\/wp-json\/wp\/v2\/media?parent=293"}],"curies":[{"name":"wp","href":"https:\/\/api.w.org\/{rel}","templated":true}]}}